{"id":255,"date":"2020-10-16T16:15:34","date_gmt":"2020-10-16T13:15:34","guid":{"rendered":"https:\/\/xamk.alumnitoiminta.fi\/register\/"},"modified":"2021-02-22T14:21:45","modified_gmt":"2021-02-22T12:21:45","slug":"register","status":"publish","type":"page","link":"https:\/\/alumni.xamk.fi\/en\/register\/","title":{"rendered":"Register"},"content":{"rendered":"\n<div class=\"is-layout-flow wp-block-group\"><div class=\"wp-block-group__inner-container\">\r\n<div class=\"um um-register um-305\">\r\n\r\n\t<div class=\"um-form\" data-mode=\"register\">\r\n\r\n\t\t<form method=\"post\" action=\"\">\r\n\r\n\t\t\t<div class=\"um-row _um_row_1 \" style=\"margin: 0 0 30px 0;\"><div class=\"um-col-1\"><div  id=\"um_field_305_first_name\" class=\"um-field um-field-text  um-field-first_name um-field-text um-field-type_text\" data-key=\"first_name\"><div class=\"um-field-label\"><div class=\"um-field-label-icon\"><i class=\"um-icon-android-person\" aria-label=\"First Name\"><\/i><\/div><label for=\"first_name-305\">First Name<span class=\"um-req\" title=\"Required\">*<\/span><\/label><div class=\"um-clear\"><\/div><\/div><div class=\"um-field-area\"><input  autocomplete=\"off\" class=\"um-form-field valid \" type=\"text\" name=\"first_name-305\" id=\"first_name-305\" value=\"\" placeholder=\"\" data-validate=\"\" data-key=\"first_name\" \/>\n\n\t\t\t\t\t\t<\/div><\/div><div  id=\"um_field_305_last_name\" class=\"um-field um-field-text  um-field-last_name um-field-text um-field-type_text\" data-key=\"last_name\"><div class=\"um-field-label\"><div class=\"um-field-label-icon\"><i class=\"um-icon-android-person\" aria-label=\"Last Name\"><\/i><\/div><label for=\"last_name-305\">Last Name<span class=\"um-req\" title=\"Required\">*<\/span><\/label><div class=\"um-clear\"><\/div><\/div><div class=\"um-field-area\"><input  autocomplete=\"off\" class=\"um-form-field valid \" type=\"text\" name=\"last_name-305\" id=\"last_name-305\" value=\"\" placeholder=\"\" data-validate=\"\" data-key=\"last_name\" \/>\n\n\t\t\t\t\t\t<\/div><\/div><div  id=\"um_field_305_alumni_study_time_last_name\" class=\"um-field um-field-text  um-field-alumni_study_time_last_name um-field-text um-field-type_text\" data-key=\"alumni_study_time_last_name\"><div class=\"um-field-label\"><div class=\"um-field-label-icon\"><i class=\"um-icon-android-person\" aria-label=\"Study time Last Name\"><\/i><\/div><label for=\"alumni_study_time_last_name-305\">Study time Last Name<\/label><div class=\"um-clear\"><\/div><\/div><div class=\"um-field-area\"><input  autocomplete=\"off\" class=\"um-form-field valid not-required \" type=\"text\" name=\"alumni_study_time_last_name-305\" id=\"alumni_study_time_last_name-305\" value=\"\" placeholder=\"\" data-validate=\"\" data-key=\"alumni_study_time_last_name\" \/>\n\n\t\t\t\t\t\t<\/div><\/div><div  id=\"um_field_305_user_email\" class=\"um-field um-field-text  um-field-user_email um-field-text um-field-type_text\" data-key=\"user_email\"><div class=\"um-field-label\"><div class=\"um-field-label-icon\"><i class=\"um-icon-at\" aria-label=\"E-mail Address\"><\/i><\/div><label for=\"user_email-305\">E-mail Address<span class=\"um-req\" title=\"Required\">*<\/span><\/label><div class=\"um-clear\"><\/div><\/div><div class=\"um-field-area\"><input  autocomplete=\"off\" class=\"um-form-field valid \" type=\"text\" name=\"user_email-305\" id=\"user_email-305\" value=\"\" placeholder=\"\" data-validate=\"unique_email\" data-key=\"user_email\" \/>\n\n\t\t\t\t\t\t<\/div><\/div><div  id=\"um_field_305_alumni_phone\" class=\"um-field um-field-text  um-field-alumni_phone um-field-text um-field-type_text\" data-key=\"alumni_phone\"><div class=\"um-field-label\"><div class=\"um-field-label-icon\"><i class=\"um-icon-android-call\" aria-label=\"Phone\"><\/i><\/div><label for=\"alumni_phone-305\">Phone<span class=\"um-req\" title=\"Required\">*<\/span><\/label><div class=\"um-clear\"><\/div><\/div><div class=\"um-field-area\"><input  autocomplete=\"off\" class=\"um-form-field valid \" type=\"text\" name=\"alumni_phone-305\" id=\"alumni_phone-305\" value=\"\" placeholder=\"\" data-validate=\"\" data-key=\"alumni_phone\" \/>\n\n\t\t\t\t\t\t<\/div><\/div><div  id=\"um_field_305_alumni_postal_code\" class=\"um-field um-field-text  um-field-alumni_postal_code um-field-text um-field-type_text\" data-key=\"alumni_postal_code\"><div class=\"um-field-label\"><div class=\"um-field-label-icon\"><i class=\"um-icon-android-pin\" aria-label=\"Postal Code\"><\/i><\/div><label for=\"alumni_postal_code-305\">Postal Code<span class=\"um-req\" title=\"Required\">*<\/span><\/label><div class=\"um-clear\"><\/div><\/div><div class=\"um-field-area\"><input  autocomplete=\"off\" class=\"um-form-field valid \" type=\"text\" name=\"alumni_postal_code-305\" id=\"alumni_postal_code-305\" value=\"\" placeholder=\"\" data-validate=\"\" data-key=\"alumni_postal_code\" \/>\n\n\t\t\t\t\t\t<\/div><\/div><div  id=\"um_field_305_alumni_country\" class=\"um-field um-field-select  um-field-alumni_country um-field-select um-field-type_select\" data-key=\"alumni_country\"><div class=\"um-field-label\"><div class=\"um-field-label-icon\"><i class=\"um-faicon-flag-o\" aria-label=\"Country\"><\/i><\/div><label for=\"alumni_country-305\">Country<span class=\"um-req\" title=\"Required\">*<\/span><\/label><div class=\"um-clear\"><\/div><\/div><div class=\"um-field-area  \"><select data-default=\"Suomi\"     name=\"alumni_country\" id=\"alumni_country\" data-validate=\"\" data-key=\"alumni_country\" class=\"um-form-field valid um-s1 \" style=\"width: 100%\" data-placeholder=\"Select a country\"  data-um-ajax-source=\"alumni_get_countries\" ><option value=\"\"><\/option><option value=\"Afganistan\" >Afghanistan<\/option><option value=\"Albania\" >Albania<\/option><option value=\"Algeria\" >Algeria<\/option><option value=\"Andorra\" >Andorra<\/option><option value=\"Angola\" >Angola<\/option><option value=\"Antigua ja Barbuda\" >Antigua and Barbuda<\/option><option value=\"Argentiina\" >Argentina<\/option><option value=\"Armenia\" >Armenia<\/option><option value=\"Australia\" >Australia<\/option><option value=\"It\u00e4valta\" >Austria<\/option><option value=\"Azerbaid\u017ean\" >Azerbaijan<\/option><option value=\"Bahama\" >Bahamas<\/option><option value=\"Bahrain\" >Bahrain<\/option><option value=\"Bangladesh\" >Bangladesh<\/option><option value=\"Barbados\" >Barbados<\/option><option value=\"Valko-Ven\u00e4j\u00e4\" >Belarus<\/option><option value=\"Belgia\" >Belgium<\/option><option value=\"Belize\" >Belize<\/option><option value=\"Benin\" >Benin<\/option><option value=\"Bhutan\" >Bhutan<\/option><option value=\"Bolivia\" >Bolivia (Plurinational State of)<\/option><option value=\"Bosnia ja Hertsegovina\" >Bosnia and Herzegovina<\/option><option value=\"Botswana\" >Botswana<\/option><option value=\"Brasilia\" >Brazil<\/option><option value=\"Brunei\" >Brunei Darussalam<\/option><option value=\"Bulgaria\" >Bulgaria<\/option><option value=\"Burkina Faso\" >Burkina Faso<\/option><option value=\"Burundi\" >Burundi<\/option><option value=\"Kap Verde\" >Cabo Verde<\/option><option value=\"Kambod\u017ea\" >Cambodia<\/option><option value=\"Kamerun\" >Cameroon<\/option><option value=\"Kanada\" >Canada<\/option><option value=\"Keski-Afrikan tasavalta\" >Central African Republic<\/option><option value=\"T\u0161ad\" >Chad<\/option><option value=\"Chile\" >Chile<\/option><option value=\"Kiina\" >China<\/option><option value=\"Kolumbia\" >Colombia<\/option><option value=\"Komorit\" >Comoros<\/option><option value=\"Kongon tasavalta\" >Congo<\/option><option value=\"Kongon demokraattinen tasavalta\" >Congo, Democratic Republic of the<\/option><option value=\"Costa Rica\" >Costa Rica<\/option><option value=\"Norsunluurannikko\" >C\u00f4te d&#039;Ivoire<\/option><option value=\"Kroatia\" >Croatia<\/option><option value=\"Kuuba\" >Cuba<\/option><option value=\"Kypros\" >Cyprus<\/option><option value=\"T\u0161ekki\" >Czechia<\/option><option value=\"Tanska\" >Denmark<\/option><option value=\"Djibouti\" >Djibouti<\/option><option value=\"Dominica\" >Dominica<\/option><option value=\"Dominikaaninen tasavalta\" >Dominican Republic<\/option><option value=\"Ecuador\" >Ecuador<\/option><option value=\"Egypti\" >Egypt<\/option><option value=\"El Salvador\" >El Salvador<\/option><option value=\"P\u00e4iv\u00e4ntasaajan Guinea\" >Equatorial Guinea<\/option><option value=\"Eritrea\" >Eritrea<\/option><option value=\"Viro\" >Estonia<\/option><option value=\"Swazimaa\" >Eswatini<\/option><option value=\"Etiopia\" >Ethiopia<\/option><option value=\"Fid\u017ei\" >Fiji<\/option><option value=\"Suomi\" selected>Finland<\/option><option value=\"Ranska\" >France<\/option><option value=\"Gabon\" >Gabon<\/option><option value=\"Gambia\" >Gambia<\/option><option value=\"Georgia\" >Georgia<\/option><option value=\"Saksa\" >Germany<\/option><option value=\"Ghana\" >Ghana<\/option><option value=\"Kreikka\" >Greece<\/option><option value=\"Grenada\" >Grenada<\/option><option value=\"Guatemala\" >Guatemala<\/option><option value=\"Guinea\" >Guinea<\/option><option value=\"Guinea-Bissau\" >Guinea-Bissau<\/option><option value=\"Guyana\" >Guyana<\/option><option value=\"Haiti\" >Haiti<\/option><option value=\"Honduras\" >Honduras<\/option><option value=\"Unkari\" >Hungary<\/option><option value=\"Islanti\" >Iceland<\/option><option value=\"Intia\" >India<\/option><option value=\"Indonesia\" >Indonesia<\/option><option value=\"Iran\" >Iran (Islamic Republic of)<\/option><option value=\"Irak\" >Iraq<\/option><option value=\"Irlanti\" >Ireland<\/option><option value=\"Israel\" >Israel<\/option><option value=\"Italia\" >Italy<\/option><option value=\"Jamaika\" >Jamaica<\/option><option value=\"Japani\" >Japan<\/option><option value=\"Jordania\" >Jordan<\/option><option value=\"Kazakstan\" >Kazakhstan<\/option><option value=\"Kenia\" >Kenya<\/option><option value=\"Kiribati\" >Kiribati<\/option><option value=\"Korean demokraattinen kansantasavalta\" >Korea (Democratic People&#039;s Republic of)<\/option><option value=\"Korean tasavalta\" >Korea, Republic of<\/option><option value=\"Kuwait\" >Kuwait<\/option><option value=\"Kirgisia\" >Kyrgyzstan<\/option><option value=\"Laos\" >Lao People&#039;s Democratic Republic<\/option><option value=\"Latvia\" >Latvia<\/option><option value=\"Libanon\" >Lebanon<\/option><option value=\"Lesotho\" >Lesotho<\/option><option value=\"Liberia\" >Liberia<\/option><option value=\"Libya\" >Libya<\/option><option value=\"Liechtenstein\" >Liechtenstein<\/option><option value=\"Liettua\" >Lithuania<\/option><option value=\"Luxemburg\" >Luxembourg<\/option><option value=\"Madagaskar\" >Madagascar<\/option><option value=\"Malawi\" >Malawi<\/option><option value=\"Malesia\" >Malaysia<\/option><option value=\"Malediivit\" >Maldives<\/option><option value=\"Mali\" >Mali<\/option><option value=\"Malta\" >Malta<\/option><option value=\"Marshallinsaaret\" >Marshall Islands<\/option><option value=\"Mauritania\" >Mauritania<\/option><option value=\"Mauritius\" >Mauritius<\/option><option value=\"Meksiko\" >Mexico<\/option><option value=\"Mikronesian liittovaltio\" >Micronesia (Federated States of)<\/option><option value=\"Moldova\" >Moldova, Republic of<\/option><option value=\"Monaco\" >Monaco<\/option><option value=\"Mongolia\" >Mongolia<\/option><option value=\"Montenegro\" >Montenegro<\/option><option value=\"Marokko\" >Morocco<\/option><option value=\"Mosambik\" >Mozambique<\/option><option value=\"Myanmar\" >Myanmar<\/option><option value=\"Namibia\" >Namibia<\/option><option value=\"Nauru\" >Nauru<\/option><option value=\"Nepal\" >Nepal<\/option><option value=\"Alankomaat\" >Netherlands<\/option><option value=\"Uusi-Seelanti\" >New Zealand<\/option><option value=\"Nicaragua\" >Nicaragua<\/option><option value=\"Niger\" >Niger<\/option><option value=\"Nigeria\" >Nigeria<\/option><option value=\"Pohjois-Makedonia\" >North Macedonia<\/option><option value=\"Norja\" >Norway<\/option><option value=\"Oman\" >Oman<\/option><option value=\"Pakistan\" >Pakistan<\/option><option value=\"Palau\" >Palau<\/option><option value=\"Panama\" >Panama<\/option><option value=\"Papua-Uusi-Guinea\" >Papua New Guinea<\/option><option value=\"Paraguay\" >Paraguay<\/option><option value=\"Peru\" >Peru<\/option><option value=\"Filippiinit\" >Philippines<\/option><option value=\"Puola\" >Poland<\/option><option value=\"Portugali\" >Portugal<\/option><option value=\"Qatar\" >Qatar<\/option><option value=\"Romania\" >Romania<\/option><option value=\"Ven\u00e4j\u00e4\" >Russian Federation<\/option><option value=\"Ruanda\" >Rwanda<\/option><option value=\"Saint Kitts ja Nevis\" >Saint Kitts and Nevis<\/option><option value=\"Saint Lucia\" >Saint Lucia<\/option><option value=\"Saint Vincent ja Grenadiinit\" >Saint Vincent and the Grenadines<\/option><option value=\"Samoa\" >Samoa<\/option><option value=\"San Marino\" >San Marino<\/option><option value=\"S\u00e3o Tom\u00e9 ja Pr\u00edncipe\" >Sao Tome and Principe<\/option><option value=\"Saudi-Arabia\" >Saudi Arabia<\/option><option value=\"Senegal\" >Senegal<\/option><option value=\"Serbia\" >Serbia<\/option><option value=\"Seychellit\" >Seychelles<\/option><option value=\"Sierra Leone\" >Sierra Leone<\/option><option value=\"Singapore\" >Singapore<\/option><option value=\"Slovakia\" >Slovakia<\/option><option value=\"Slovenia\" >Slovenia<\/option><option value=\"Salomonsaaret\" >Solomon Islands<\/option><option value=\"Somalia\" >Somalia<\/option><option value=\"Etel\u00e4-Afrikka\" >South Africa<\/option><option value=\"Etel\u00e4-Sudan\" >South Sudan<\/option><option value=\"Espanja\" >Spain<\/option><option value=\"Sri Lanka\" >Sri Lanka<\/option><option value=\"Sudan\" >Sudan<\/option><option value=\"Suriname\" >Suriname<\/option><option value=\"Ruotsi\" >Sweden<\/option><option value=\"Sveitsi\" >Switzerland<\/option><option value=\"Syyria\" >Syrian Arab Republic<\/option><option value=\"Tad\u017eikistan\" >Tajikistan<\/option><option value=\"Tansania\" >Tanzania, United Republic of<\/option><option value=\"Thaimaa\" >Thailand<\/option><option value=\"It\u00e4-Timor\" >Timor-Leste<\/option><option value=\"Togo\" >Togo<\/option><option value=\"Tonga\" >Tonga<\/option><option value=\"Trinidad ja Tobago\" >Trinidad and Tobago<\/option><option value=\"Tunisia\" >Tunisia<\/option><option value=\"Turkki\" >Turkey<\/option><option value=\"Turkmenistan\" >Turkmenistan<\/option><option value=\"Tuvalu\" >Tuvalu<\/option><option value=\"Uganda\" >Uganda<\/option><option value=\"Ukraina\" >Ukraine<\/option><option value=\"Arabiemiirikunnat\" >United Arab Emirates<\/option><option value=\"Yhdistynyt kuningaskunta\" >United Kingdom of Great Britain and Northern Ireland<\/option><option value=\"Yhdysvallat\" >United States of America<\/option><option value=\"Uruguay\" >Uruguay<\/option><option value=\"Uzbekistan\" >Uzbekistan<\/option><option value=\"Vanuatu\" >Vanuatu<\/option><option value=\"Venezuela\" >Venezuela (Bolivarian Republic of)<\/option><option value=\"Vietnam\" >Viet Nam<\/option><option value=\"Jemen\" >Yemen<\/option><option value=\"Sambia\" >Zambia<\/option><option value=\"Zimbabwe\" >Zimbabwe<\/option><\/select><\/div><\/div><div  id=\"um_field_305_alumni_birth_date\" class=\"um-field um-field-date  um-field-alumni_birth_date um-field-date um-field-type_date\" data-key=\"alumni_birth_date\"><div class=\"um-field-label\"><div class=\"um-field-label-icon\"><i class=\"um-faicon-calendar\" aria-label=\"Birth Date\"><\/i><\/div><label for=\"alumni_birth_date-305\">Birth Date<span class=\"um-req\" title=\"Required\">*<\/span><\/label><div class=\"um-clear\"><\/div><\/div><div class=\"um-field-area\"><input   class=\"um-form-field valid um-datepicker \" type=\"text\" name=\"alumni_birth_date-305\" id=\"alumni_birth_date-305\" value=\"\" placeholder=\"\" data-validate=\"\" data-key=\"alumni_birth_date\" data-range=\"years\" data-years=\"110\" data-years_x=\"past\" data-disabled_weekdays=\"\" data-date_min=\"1916,4,12\" data-date_max=\"2026,4,12\" data-format=\"d mmm yyyy\" data-value=\"\" \/>\n\n\t\t\t\t\t\t<\/div><\/div><div  id=\"um_field_305_user_password\" class=\"um-field um-field-password  um-field-user_password um-field-password um-field-type_password\" data-key=\"user_password\"><div class=\"um-field-label\"><div class=\"um-field-label-icon\"><i class=\"um-icon-ios-locked\" aria-label=\"Password\"><\/i><\/div><label for=\"user_password-305\">Password<span class=\"um-req\" title=\"Required\">*<\/span><\/label><span class=\"um-tip um-tip-w\" title=\"Your password must contain at least one lowercase letter, one capital letter and one number\"><i class=\"um-icon-help-circled\"><\/i><\/span><div class=\"um-clear\"><\/div><\/div><div class=\"um-field-area\"><input class=\"um-form-field valid \" type=\"password\" name=\"user_password-305\" id=\"user_password-305\" value=\"\" placeholder=\"\" data-validate=\"\" data-key=\"user_password\" \/>\n\n\t\t\t\t\t\t<\/div><\/div><div  id=\"um_field_305_confirm_user_password\" class=\"um-field um-field-password  um-field-user_password um-field-password um-field-type_password\" data-key=\"confirm_user_password\"><div class=\"um-field-label\"><div class=\"um-field-label-icon\"><i class=\"um-icon-ios-locked\" aria-label=\"Confirm Password\"><\/i><\/div><label for=\"confirm_user_password-305\">Confirm Password<span class=\"um-req\" title=\"Required\">*<\/span><\/label><div class=\"um-clear\"><\/div><\/div><div class=\"um-field-area\"><input class=\"um-form-field valid \" type=\"password\" name=\"confirm_user_password-305\" id=\"confirm_user_password-305\" value=\"\" placeholder=\"Confirm Password\" data-validate=\"\" data-key=\"confirm_user_password\" \/><\/div><\/div><\/div><\/div>\t\t<input type=\"hidden\" name=\"form_id\" id=\"form_id_305\" value=\"305\" \/>\n\t\n\t<p class=\"um_request_name\">\n\t\t<label for=\"um_request_305\">Only fill in if you are not human<\/label>\n\t\t<input type=\"hidden\" name=\"um_request\" id=\"um_request_305\" class=\"input\" value=\"\" size=\"25\" autocomplete=\"off\" \/>\n\t<\/p>\n\n\t<input type=\"hidden\" id=\"_wpnonce\" name=\"_wpnonce\" value=\"4850d361cf\" \/><input type=\"hidden\" name=\"_wp_http_referer\" value=\"\/en\/wp-json\/wp\/v2\/pages\/255\" \/>\n\t<div class=\"um-col-alt\">\n\n\t\t\n\t\t\t<div class=\"um-left um-half\">\n\t\t\t\t<input type=\"submit\" value=\"Register\" class=\"um-button\" id=\"um-submit-btn\" \/>\n\t\t\t<\/div>\n\t\t\t<div class=\"um-right um-half\">\n\t\t\t\t<a href=\"https:\/\/alumni.xamk.fi\/en\/sign-in\/\" class=\"um-button um-alt\">\n\t\t\t\t\tLogin\t\t\t\t<\/a>\n\t\t\t<\/div>\n\n\t\t\n\t\t<div class=\"um-clear\"><\/div>\n\n\t<\/div>\n\n\t\t\t\r\n\t\t<\/form>\r\n\r\n\t<\/div>\r\n\r\n<\/div><style>\n\t\t\t.um-305.um {\n\t\t\tmax-width: 450px;\n\t\t}\n\t\t<\/style>\n\n<\/div><\/div>\n\n\n\n<p><\/p>\n","protected":false},"excerpt":{"rendered":"","protected":false},"author":1,"featured_media":0,"parent":0,"menu_order":0,"comment_status":"closed","ping_status":"closed","template":"","meta":[],"_links":{"self":[{"href":"https:\/\/alumni.xamk.fi\/en\/wp-json\/wp\/v2\/pages\/255"}],"collection":[{"href":"https:\/\/alumni.xamk.fi\/en\/wp-json\/wp\/v2\/pages"}],"about":[{"href":"https:\/\/alumni.xamk.fi\/en\/wp-json\/wp\/v2\/types\/page"}],"author":[{"embeddable":true,"href":"https:\/\/alumni.xamk.fi\/en\/wp-json\/wp\/v2\/users\/1"}],"replies":[{"embeddable":true,"href":"https:\/\/alumni.xamk.fi\/en\/wp-json\/wp\/v2\/comments?post=255"}],"version-history":[{"count":1,"href":"https:\/\/alumni.xamk.fi\/en\/wp-json\/wp\/v2\/pages\/255\/revisions"}],"predecessor-version":[{"id":565,"href":"https:\/\/alumni.xamk.fi\/en\/wp-json\/wp\/v2\/pages\/255\/revisions\/565"}],"wp:attachment":[{"href":"https:\/\/alumni.xamk.fi\/en\/wp-json\/wp\/v2\/media?parent=255"}],"curies":[{"name":"wp","href":"https:\/\/api.w.org\/{rel}","templated":true}]}}